{"id":110,"date":"2015-06-08T21:03:56","date_gmt":"2015-06-08T19:03:56","guid":{"rendered":"http:\/\/www.niwaki.ch\/wp\/?page_id=110"},"modified":"2015-06-14T17:12:01","modified_gmt":"2015-06-14T15:12:01","slug":"liens","status":"publish","type":"page","link":"https:\/\/www.niwaki.ch\/cms\/liens\/","title":{"rendered":"Liens"},"content":{"rendered":"<ul>\n<li>\n<h3><strong>Fr\u00e9d\u00e9rique Dumas<\/strong> : gr\u00e2ce \u00e0 son ouvrage \u00ab\u00a0La taille japonaise en pratique\u00a0\u00bb et des stages \u00e0 <a href=\"http:\/\/www.frederique-dumas.com\/\">l&rsquo;Acad\u00e9mie Niwaki<\/a>, j&rsquo;ai d\u00e9couvert le nom de ce qui m&rsquo;habitait depuis longtemps.<\/h3>\n<\/li>\n<li>\n<h3><strong>Eric Borja<\/strong> : son <a href=\"http:\/\/www.erikborja.fr\/\">jardin Zen<\/a> pr\u00e8s de Valence en France est un vrai havre de paix et de beaut\u00e9. Rarement j&rsquo;ai pu observer une telle esth\u00e9tique et harmonie v\u00e9g\u00e9tale parfaite cr\u00e9e par l&rsquo;homme.<\/h3>\n<\/li>\n<li>\n<h3><strong>Jake Hobson<\/strong> : a \u00e9crit <a href=\"http:\/\/www.jakehobson.com\/#page_workshops\">plusieurs ouvrages<\/a> sur la taille cr\u00e9ative et japonaise.<\/h3>\n<\/li>\n<\/ul>\n","protected":false},"excerpt":{"rendered":"<p>Fr\u00e9d\u00e9rique Dumas : gr\u00e2ce \u00e0 son ouvrage \u00ab\u00a0La taille japonaise en pratique\u00a0\u00bb et des stages \u00e0 l&rsquo;Acad\u00e9mie Niwaki, j&rsquo;ai d\u00e9couvert le nom de ce qui m&rsquo;habitait depuis longtemps. Eric Borja : son jardin Zen pr\u00e8s de Valence en France est un vrai havre de paix et de beaut\u00e9. Rarement j&rsquo;ai pu observer une telle esth\u00e9tique [&hellip;]<\/p>\n","protected":false},"author":2,"featured_media":0,"parent":0,"menu_order":0,"comment_status":"open","ping_status":"open","template":"","meta":{"footnotes":""},"class_list":["post-110","page","type-page","status-publish","czr-hentry"],"_links":{"self":[{"href":"https:\/\/www.niwaki.ch\/cms\/wp-json\/wp\/v2\/pages\/110","targetHints":{"allow":["GET"]}}],"collection":[{"href":"https:\/\/www.niwaki.ch\/cms\/wp-json\/wp\/v2\/pages"}],"about":[{"href":"https:\/\/www.niwaki.ch\/cms\/wp-json\/wp\/v2\/types\/page"}],"author":[{"embeddable":true,"href":"https:\/\/www.niwaki.ch\/cms\/wp-json\/wp\/v2\/users\/2"}],"replies":[{"embeddable":true,"href":"https:\/\/www.niwaki.ch\/cms\/wp-json\/wp\/v2\/comments?post=110"}],"version-history":[{"count":6,"href":"https:\/\/www.niwaki.ch\/cms\/wp-json\/wp\/v2\/pages\/110\/revisions"}],"predecessor-version":[{"id":220,"href":"https:\/\/www.niwaki.ch\/cms\/wp-json\/wp\/v2\/pages\/110\/revisions\/220"}],"wp:attachment":[{"href":"https:\/\/www.niwaki.ch\/cms\/wp-json\/wp\/v2\/media?parent=110"}],"curies":[{"name":"wp","href":"https:\/\/api.w.org\/{rel}","templated":true}]}}