{"id":116,"date":"2015-06-08T21:25:37","date_gmt":"2015-06-08T19:25:37","guid":{"rendered":"http:\/\/www.niwaki.ch\/wp\/?page_id=116"},"modified":"2022-03-02T19:16:01","modified_gmt":"2022-03-02T18:16:01","slug":"a-propos","status":"publish","type":"page","link":"https:\/\/www.niwaki.ch\/cms\/a-propos\/","title":{"rendered":"A propos"},"content":{"rendered":"<p>La cr\u00e9ation et la contemplation de d\u00e9cors v\u00e9g\u00e9taux et naturels m&rsquo;ont de tout temps passionn\u00e9es et ressourc\u00e9es.<\/p>\n<p>Depuis ma tendre enfance j&rsquo;ai exp\u00e9riment\u00e9 la taille et mise en sc\u00e8ne de jardins en accompagnant mon grand-p\u00e8re. D&rsquo;autres jardins ont suivi, en particulier mon propre jardin d&rsquo;abord \u00e0 Pr\u00eales, puis \u00e0 Diesse, sur le Plateau de Diesse o\u00f9 j&rsquo;ai d\u00fb composer avec un climat bien plus rude que celui de ma Belgique natale. En parall\u00e8le \u00e0 mes occupations parentales et professionnelles, j&rsquo;ai \u00a0consacr\u00e9 du temps au perfectionnement de la technique de la taille japonaise.<\/p>\n<p>A pr\u00e9sent, je suis pr\u00eate \u00e0 mettre mon exp\u00e9rience \u00e0 disposition d&rsquo;autres passionn\u00e9s de jardin pour cr\u00e9er ou entretenir leur propre d\u00e9cor v\u00e9g\u00e9tal de r\u00eave.<\/p>\n<p><a href=\"https:\/\/www.niwaki.ch\/cms\/wp-content\/uploads\/2015\/06\/R0012362.jpg\"><img loading=\"lazy\" decoding=\"async\" class=\"size-medium wp-image-232 alignleft\" src=\"https:\/\/www.niwaki.ch\/cms\/wp-content\/uploads\/2015\/06\/R0012362-300x164.jpg\" alt=\"Exif_JPEG_PICTURE\" width=\"300\" height=\"164\" srcset=\"https:\/\/www.niwaki.ch\/cms\/wp-content\/uploads\/2015\/06\/R0012362-300x164.jpg 300w, https:\/\/www.niwaki.ch\/cms\/wp-content\/uploads\/2015\/06\/R0012362.jpg 640w\" sizes=\"auto, (max-width: 300px) 100vw, 300px\" \/><\/a><\/p>\n","protected":false},"excerpt":{"rendered":"<p>La cr\u00e9ation et la contemplation de d\u00e9cors v\u00e9g\u00e9taux et naturels m&rsquo;ont de tout temps passionn\u00e9es et ressourc\u00e9es. Depuis ma tendre enfance j&rsquo;ai exp\u00e9riment\u00e9 la taille et mise en sc\u00e8ne de jardins en accompagnant mon grand-p\u00e8re. D&rsquo;autres jardins ont suivi, en particulier mon propre jardin d&rsquo;abord \u00e0 Pr\u00eales, puis \u00e0 Diesse, sur le Plateau de Diesse [&hellip;]<\/p>\n","protected":false},"author":2,"featured_media":0,"parent":0,"menu_order":0,"comment_status":"open","ping_status":"open","template":"","meta":{"footnotes":""},"class_list":["post-116","page","type-page","status-publish","czr-hentry"],"_links":{"self":[{"href":"https:\/\/www.niwaki.ch\/cms\/wp-json\/wp\/v2\/pages\/116","targetHints":{"allow":["GET"]}}],"collection":[{"href":"https:\/\/www.niwaki.ch\/cms\/wp-json\/wp\/v2\/pages"}],"about":[{"href":"https:\/\/www.niwaki.ch\/cms\/wp-json\/wp\/v2\/types\/page"}],"author":[{"embeddable":true,"href":"https:\/\/www.niwaki.ch\/cms\/wp-json\/wp\/v2\/users\/2"}],"replies":[{"embeddable":true,"href":"https:\/\/www.niwaki.ch\/cms\/wp-json\/wp\/v2\/comments?post=116"}],"version-history":[{"count":15,"href":"https:\/\/www.niwaki.ch\/cms\/wp-json\/wp\/v2\/pages\/116\/revisions"}],"predecessor-version":[{"id":405,"href":"https:\/\/www.niwaki.ch\/cms\/wp-json\/wp\/v2\/pages\/116\/revisions\/405"}],"wp:attachment":[{"href":"https:\/\/www.niwaki.ch\/cms\/wp-json\/wp\/v2\/media?parent=116"}],"curies":[{"name":"wp","href":"https:\/\/api.w.org\/{rel}","templated":true}]}}