{"id":14,"date":"2015-02-22T13:44:34","date_gmt":"2015-02-22T12:44:34","guid":{"rendered":"http:\/\/dev.niwaki.ch\/wp\/?page_id=14"},"modified":"2016-03-11T21:45:47","modified_gmt":"2016-03-11T20:45:47","slug":"a-propos-de-moi","status":"publish","type":"page","link":"https:\/\/www.niwaki.ch\/cms\/a-propos-de-moi\/","title":{"rendered":"Niwaki?"},"content":{"rendered":"<p><strong><em>Qu&rsquo;est-ce qu&rsquo;un niwaki\u00a0<\/em>?<\/strong> C&rsquo;est un arbre de jardin fa\u00e7onn\u00e9, taill\u00e9 et guid\u00e9 selon une forme harmonieuse choisie. Certains le voient comme une sorte de bonsa\u00ef grandeur nature. Le niwaki est un \u00e9l\u00e9ment indispensable dans les jardins japonais mais il peut \u00e9galement \u00eatre mis en valeur dans d&rsquo;autres jardins.<\/p>\n<p>La taille japonaise convient particuli\u00e8rement bien aux esp\u00e8ces persistantes tels que ifs, buis, cypr\u00e8s, pins, gen\u00e9vriers etc, mais peut aussi all\u00e9ger des esp\u00e8ces caduques comme les \u00e9rables, charmes, h\u00eatres etc.<\/p>\n<p><em><strong>Pourquoi Swiss Niwaki?<\/strong><\/em> le niwaki cr\u00e9\u00e9 avec une jeune esp\u00e8ce indig\u00e8ne ou depuis un arbre existant aura beaucoup plus de chances de survie que les niwakis import\u00e9s et on\u00e9reux que l&rsquo;on trouve en p\u00e9pini\u00e8re.<\/p>\n<p><em><strong>Avantages :<\/strong><\/em><\/p>\n<ul>\n<li>l&rsquo;abre est ma\u00eetris\u00e9 afin de garder une taille et forme adapt\u00e9 \u00e0 votre jardin<\/li>\n<li>il ne privera pas vos autres plantes ou votre maison d&rsquo;espace ou de lumi\u00e8re<\/li>\n<li>l&rsquo;entretien sera r\u00e9gulier mais facile et raisonnable<\/li>\n<li>les manteaux de neige ou la givre de l&rsquo;hiver accentuent la belle forme des niwakis durant la saison morte<\/li>\n<li>plus le temps passe, plus votre niwaki deviendra beau et indispensable \u00e0 l&rsquo;\u00e9quilibre de votre jardin<\/li>\n<li>votre niwaki apportera du style \u00e0 votre jardin et mettra en valeur votre maison<\/li>\n<\/ul>\n","protected":false},"excerpt":{"rendered":"<p>Qu&rsquo;est-ce qu&rsquo;un niwaki\u00a0? C&rsquo;est un arbre de jardin fa\u00e7onn\u00e9, taill\u00e9 et guid\u00e9 selon une forme harmonieuse choisie. Certains le voient comme une sorte de bonsa\u00ef grandeur nature. Le niwaki est un \u00e9l\u00e9ment indispensable dans les jardins japonais mais il peut \u00e9galement \u00eatre mis en valeur dans d&rsquo;autres jardins. La taille japonaise convient particuli\u00e8rement bien aux [&hellip;]<\/p>\n","protected":false},"author":1,"featured_media":0,"parent":0,"menu_order":3,"comment_status":"closed","ping_status":"closed","template":"","meta":{"footnotes":""},"class_list":["post-14","page","type-page","status-publish","czr-hentry"],"_links":{"self":[{"href":"https:\/\/www.niwaki.ch\/cms\/wp-json\/wp\/v2\/pages\/14","targetHints":{"allow":["GET"]}}],"collection":[{"href":"https:\/\/www.niwaki.ch\/cms\/wp-json\/wp\/v2\/pages"}],"about":[{"href":"https:\/\/www.niwaki.ch\/cms\/wp-json\/wp\/v2\/types\/page"}],"author":[{"embeddable":true,"href":"https:\/\/www.niwaki.ch\/cms\/wp-json\/wp\/v2\/users\/1"}],"replies":[{"embeddable":true,"href":"https:\/\/www.niwaki.ch\/cms\/wp-json\/wp\/v2\/comments?post=14"}],"version-history":[{"count":25,"href":"https:\/\/www.niwaki.ch\/cms\/wp-json\/wp\/v2\/pages\/14\/revisions"}],"predecessor-version":[{"id":343,"href":"https:\/\/www.niwaki.ch\/cms\/wp-json\/wp\/v2\/pages\/14\/revisions\/343"}],"wp:attachment":[{"href":"https:\/\/www.niwaki.ch\/cms\/wp-json\/wp\/v2\/media?parent=14"}],"curies":[{"name":"wp","href":"https:\/\/api.w.org\/{rel}","templated":true}]}}